{"id":156,"date":"2016-06-27T17:47:15","date_gmt":"2016-06-27T17:47:15","guid":{"rendered":"http:\/\/admisoft.com.ve\/site\/?page_id=156"},"modified":"2026-02-17T15:52:22","modified_gmt":"2026-02-17T15:52:22","slug":"producto","status":"publish","type":"page","link":"https:\/\/admisoft.com.ve\/site\/producto\/","title":{"rendered":"Producto"},"content":{"rendered":"<p>[et_pb_section admin_label=\u00bbSecci\u00f3n\u00bb fullwidth=\u00bbon\u00bb specialty=\u00bboff\u00bb][et_pb_fullwidth_slider admin_label=\u00bbControl deslizante de anchura completa\u00bb show_arrows=\u00bbon\u00bb show_pagination=\u00bbon\u00bb auto=\u00bboff\u00bb auto_ignore_hover=\u00bboff\u00bb parallax=\u00bboff\u00bb parallax_method=\u00bboff\u00bb remove_inner_shadow=\u00bboff\u00bb background_position=\u00bbdefault\u00bb background_size=\u00bbdefault\u00bb hide_content_on_mobile=\u00bboff\u00bb hide_cta_on_mobile=\u00bboff\u00bb show_image_video_mobile=\u00bboff\u00bb custom_button=\u00bboff\u00bb button_letter_spacing=\u00bb0&#8243; button_use_icon=\u00bbdefault\u00bb button_icon_placement=\u00bbright\u00bb button_on_hover=\u00bbon\u00bb button_letter_spacing_hover=\u00bb0&#8243;] [et_pb_slide background_image=\u00bbhttps:\/\/admisoft.com.ve\/site\/wp-content\/uploads\/2016\/06\/porque-admisoft.jpg\u00bb background_position=\u00bbdefault\u00bb background_size=\u00bbdefault\u00bb background_color=\u00bb#ffffff\u00bb use_bg_overlay=\u00bboff\u00bb use_text_overlay=\u00bboff\u00bb alignment=\u00bbcenter\u00bb background_layout=\u00bbdark\u00bb allow_player_pause=\u00bboff\u00bb text_border_radius=\u00bb3&#8243; header_font_select=\u00bbdefault\u00bb header_font=\u00bb||||\u00bb body_font_select=\u00bbdefault\u00bb body_font=\u00bb||||\u00bb custom_button=\u00bboff\u00bb button_font_select=\u00bbdefault\u00bb button_font=\u00bb||||\u00bb button_use_icon=\u00bbdefault\u00bb button_icon_placement=\u00bbright\u00bb button_on_hover=\u00bbon\u00bb] [\/et_pb_slide] [\/et_pb_fullwidth_slider][\/et_pb_section][et_pb_section admin_label=\u00bbsection\u00bb][et_pb_row admin_label=\u00bbrow\u00bb][et_pb_column type=\u00bb4_4&#8243;][et_pb_text admin_label=\u00bbTexto\u00bb background_layout=\u00bblight\u00bb text_orientation=\u00bbleft\u00bb use_border_color=\u00bboff\u00bb border_color=\u00bb#ffffff\u00bb border_style=\u00bbsolid\u00bb]<\/p>\n<p style=\"text-align: justify;\"><span style=\"color: #bf2227;\"><strong>AdmiSoft\u00a0<\/strong><\/span>Es un sistema administrativo integrado, ERP especializado en salud, <strong>homologado<\/strong> y dise\u00f1ado con un conjunto de herramientas integradas que permiten la automatizaci\u00f3n y control absoluto\u00a0de cada \u00e1rea de las empresas de salud. Basado en un entorno amigable y sencillo donde el usuario se siente identificado con las tareas cotidianas usando la tecnolog\u00eda como un medio para obtener y analizar resultados en el menor tiempo posible.<\/p>\n<p>[\/et_pb_text][\/et_pb_column][\/et_pb_row][et_pb_row admin_label=\u00bbrow\u00bb][et_pb_column type=\u00bb2_3&#8243;][et_pb_text admin_label=\u00bbTexto\u00bb background_layout=\u00bblight\u00bb text_orientation=\u00bbleft\u00bb use_border_color=\u00bboff\u00bb border_color=\u00bb#ffffff\u00bb border_style=\u00bbsolid\u00bb]<\/p>\n<p style=\"text-align: justify;\">Cada m\u00f3dulo fue creado buscando el mejor rendimiento en tiempo, espacio y recursos, logrando en nuestro producto final, la mejor calidad y tecnolog\u00eda de desarrollo.<\/p>\n<p style=\"text-align: justify;\">Nuestro dise\u00f1o est\u00e1 basado en la tecnolog\u00eda Windows de Microsoft, \u00a0la presentaci\u00f3n gr\u00e1fica utilizada, ayuda al usuario a asimilar de manera visual las tareas y pasos a seguir en cada registro de informaci\u00f3n.<\/p>\n<p>[\/et_pb_text][\/et_pb_column][et_pb_column type=\u00bb1_3&#8243;][et_pb_image admin_label=\u00bbImagen\u00bb src=\u00bbhttps:\/\/admisoft.com.ve\/site\/wp-content\/uploads\/2016\/06\/Windows_logo_Cyan_rgb_PressKit.png\u00bb show_in_lightbox=\u00bboff\u00bb url_new_window=\u00bboff\u00bb use_overlay=\u00bboff\u00bb animation=\u00bbbottom\u00bb sticky=\u00bboff\u00bb align=\u00bbcenter\u00bb force_fullwidth=\u00bboff\u00bb always_center_on_mobile=\u00bboff\u00bb use_border_color=\u00bboff\u00bb border_color=\u00bb#ffffff\u00bb border_style=\u00bbsolid\u00bb max_width=\u00bb250px\u00bb] [\/et_pb_image][\/et_pb_column][\/et_pb_row][et_pb_row admin_label=\u00bbrow\u00bb][et_pb_column type=\u00bb1_2&#8243;][et_pb_image admin_label=\u00bbImagen\u00bb src=\u00bbhttps:\/\/admisoft.com.ve\/site\/wp-content\/uploads\/2016\/06\/Tabs.jpg\u00bb show_in_lightbox=\u00bboff\u00bb url_new_window=\u00bboff\u00bb use_overlay=\u00bboff\u00bb animation=\u00bbbottom\u00bb sticky=\u00bboff\u00bb align=\u00bbcenter\u00bb force_fullwidth=\u00bboff\u00bb always_center_on_mobile=\u00bbon\u00bb use_border_color=\u00bboff\u00bb border_color=\u00bb#ffffff\u00bb border_style=\u00bbsolid\u00bb max_width=\u00bb300px\u00bb custom_margin=\u00bb-25px|||\u00bb] [\/et_pb_image][\/et_pb_column][et_pb_column type=\u00bb1_2&#8243;][et_pb_text admin_label=\u00bbTexto\u00bb background_layout=\u00bblight\u00bb text_orientation=\u00bbleft\u00bb use_border_color=\u00bboff\u00bb border_color=\u00bb#ffffff\u00bb border_style=\u00bbsolid\u00bb]<\/p>\n<p style=\"text-align: justify;\">El dise\u00f1o de ventanas acorta los caminos para llegar de manera r\u00e1pida a la herramienta solicitada; adem\u00e1s de permitir varias aplicaciones abiertas en pantalla, procesando varias tareas y aprovechando los recursos de hardware que nos ofrece la tecnolog\u00eda.<\/p>\n<p style=\"text-align: justify;\">Todos los reportes pueden ser copiados a Excel, para procesar gr\u00e1ficos estad\u00edsticos o analizar de otras formas los resultados.<\/p>\n<p>[\/et_pb_text][\/et_pb_column][\/et_pb_row][et_pb_row admin_label=\u00bbrow\u00bb][et_pb_column type=\u00bb4_4&#8243;][et_pb_text admin_label=\u00bbTexto\u00bb background_layout=\u00bblight\u00bb text_orientation=\u00bbleft\u00bb use_border_color=\u00bboff\u00bb border_color=\u00bb#ffffff\u00bb border_style=\u00bbsolid\u00bb]<\/p>\n<p style=\"text-align: justify;\">Su versatilidad admite almacenar y procesar informaci\u00f3n m\u00e9dica, farmac\u00e9utica, biol\u00f3gica, administrativa, laboral y contable protegida con los m\u00e1s altos est\u00e1ndares de seguridad, Integrada bajo rigurosos algoritmos de accesibilidad, disponible para su empresa y\u00e1.<\/p>\n<p>[\/et_pb_text][\/et_pb_column][\/et_pb_row][\/et_pb_section]<\/p>\n","protected":false},"excerpt":{"rendered":"<p>AdmiSoft\u00a0Es un sistema administrativo integrado, ERP especializado en salud, homologado y dise\u00f1ado con un conjunto de herramientas integradas que permiten la automatizaci\u00f3n y control absoluto\u00a0de cada \u00e1rea de las empresas de salud. Basado en un entorno amigable y sencillo donde el usuario se siente identificado con las tareas cotidianas usando la tecnolog\u00eda como un medio [&hellip;]<\/p>\n","protected":false},"author":3,"featured_media":0,"parent":0,"menu_order":0,"comment_status":"closed","ping_status":"closed","template":"","meta":{"_et_pb_use_builder":"on","_et_pb_old_content":"<p>[et_pb_section admin_label=\"section\"][et_pb_row admin_label=\"row\"][et_pb_column type=\"4_4\"][\/et_pb_column][\/et_pb_row][\/et_pb_section]<\/p>","_et_gb_content_width":"","footnotes":""},"class_list":["post-156","page","type-page","status-publish","hentry"],"yoast_head":"<!-- This site is optimized with the Yoast SEO plugin v27.0 - https:\/\/yoast.com\/product\/yoast-seo-wordpress\/ -->\n<title>Producto | AdmiSoft<\/title>\n<meta name=\"robots\" content=\"index, follow, max-snippet:-1, max-image-preview:large, max-video-preview:-1\" \/>\n<link rel=\"canonical\" href=\"https:\/\/admisoft.com.ve\/site\/producto\/\" \/>\n<meta property=\"og:locale\" content=\"es_ES\" \/>\n<meta property=\"og:type\" content=\"article\" \/>\n<meta property=\"og:title\" content=\"Producto | AdmiSoft\" \/>\n<meta property=\"og:description\" content=\"AdmiSoft\u00a0Es un sistema administrativo integrado, ERP especializado en salud, homologado y dise\u00f1ado con un conjunto de herramientas integradas que permiten la automatizaci\u00f3n y control absoluto\u00a0de cada \u00e1rea de las empresas de salud. Basado en un entorno amigable y sencillo donde el usuario se siente identificado con las tareas cotidianas usando la tecnolog\u00eda como un medio [&hellip;]\" \/>\n<meta property=\"og:url\" content=\"https:\/\/admisoft.com.ve\/site\/producto\/\" \/>\n<meta property=\"og:site_name\" content=\"AdmiSoft\" \/>\n<meta property=\"article:publisher\" content=\"https:\/\/www.facebook.com\/admisoftconsultores\" \/>\n<meta property=\"article:modified_time\" content=\"2026-02-17T15:52:22+00:00\" \/>\n<meta name=\"twitter:card\" content=\"summary_large_image\" \/>\n<meta name=\"twitter:label1\" content=\"Tiempo de lectura\" \/>\n\t<meta name=\"twitter:data1\" content=\"4 minutos\" \/>\n<script type=\"application\/ld+json\" class=\"yoast-schema-graph\">{\"@context\":\"https:\/\/schema.org\",\"@graph\":[{\"@type\":\"WebPage\",\"@id\":\"https:\/\/admisoft.com.ve\/site\/producto\/\",\"url\":\"https:\/\/admisoft.com.ve\/site\/producto\/\",\"name\":\"Producto | AdmiSoft\",\"isPartOf\":{\"@id\":\"https:\/\/admisoft.com.ve\/site\/#website\"},\"datePublished\":\"2016-06-27T17:47:15+00:00\",\"dateModified\":\"2026-02-17T15:52:22+00:00\",\"breadcrumb\":{\"@id\":\"https:\/\/admisoft.com.ve\/site\/producto\/#breadcrumb\"},\"inLanguage\":\"es\",\"potentialAction\":[{\"@type\":\"ReadAction\",\"target\":[\"https:\/\/admisoft.com.ve\/site\/producto\/\"]}]},{\"@type\":\"BreadcrumbList\",\"@id\":\"https:\/\/admisoft.com.ve\/site\/producto\/#breadcrumb\",\"itemListElement\":[{\"@type\":\"ListItem\",\"position\":1,\"name\":\"Portada\",\"item\":\"https:\/\/admisoft.com.ve\/site\/\"},{\"@type\":\"ListItem\",\"position\":2,\"name\":\"Producto\"}]},{\"@type\":\"WebSite\",\"@id\":\"https:\/\/admisoft.com.ve\/site\/#website\",\"url\":\"https:\/\/admisoft.com.ve\/site\/\",\"name\":\"Admisoft\",\"description\":\"Software para Empresas de Salud\",\"publisher\":{\"@id\":\"https:\/\/admisoft.com.ve\/site\/#organization\"},\"potentialAction\":[{\"@type\":\"SearchAction\",\"target\":{\"@type\":\"EntryPoint\",\"urlTemplate\":\"https:\/\/admisoft.com.ve\/site\/?s={search_term_string}\"},\"query-input\":{\"@type\":\"PropertyValueSpecification\",\"valueRequired\":true,\"valueName\":\"search_term_string\"}}],\"inLanguage\":\"es\"},{\"@type\":\"Organization\",\"@id\":\"https:\/\/admisoft.com.ve\/site\/#organization\",\"name\":\"Admisoft\",\"url\":\"https:\/\/admisoft.com.ve\/site\/\",\"logo\":{\"@type\":\"ImageObject\",\"inLanguage\":\"es\",\"@id\":\"https:\/\/admisoft.com.ve\/site\/#\/schema\/logo\/image\/\",\"url\":\"https:\/\/admisoft.com.ve\/site\/wp-content\/uploads\/2020\/09\/admisoft_white.jpeg\",\"contentUrl\":\"https:\/\/admisoft.com.ve\/site\/wp-content\/uploads\/2020\/09\/admisoft_white.jpeg\",\"width\":800,\"height\":800,\"caption\":\"Admisoft\"},\"image\":{\"@id\":\"https:\/\/admisoft.com.ve\/site\/#\/schema\/logo\/image\/\"},\"sameAs\":[\"https:\/\/www.facebook.com\/admisoftconsultores\"]}]}<\/script>\n<!-- \/ Yoast SEO plugin. -->","yoast_head_json":{"title":"Producto | AdmiSoft","robots":{"index":"index","follow":"follow","max-snippet":"max-snippet:-1","max-image-preview":"max-image-preview:large","max-video-preview":"max-video-preview:-1"},"canonical":"https:\/\/admisoft.com.ve\/site\/producto\/","og_locale":"es_ES","og_type":"article","og_title":"Producto | AdmiSoft","og_description":"AdmiSoft\u00a0Es un sistema administrativo integrado, ERP especializado en salud, homologado y dise\u00f1ado con un conjunto de herramientas integradas que permiten la automatizaci\u00f3n y control absoluto\u00a0de cada \u00e1rea de las empresas de salud. Basado en un entorno amigable y sencillo donde el usuario se siente identificado con las tareas cotidianas usando la tecnolog\u00eda como un medio [&hellip;]","og_url":"https:\/\/admisoft.com.ve\/site\/producto\/","og_site_name":"AdmiSoft","article_publisher":"https:\/\/www.facebook.com\/admisoftconsultores","article_modified_time":"2026-02-17T15:52:22+00:00","twitter_card":"summary_large_image","twitter_misc":{"Tiempo de lectura":"4 minutos"},"schema":{"@context":"https:\/\/schema.org","@graph":[{"@type":"WebPage","@id":"https:\/\/admisoft.com.ve\/site\/producto\/","url":"https:\/\/admisoft.com.ve\/site\/producto\/","name":"Producto | AdmiSoft","isPartOf":{"@id":"https:\/\/admisoft.com.ve\/site\/#website"},"datePublished":"2016-06-27T17:47:15+00:00","dateModified":"2026-02-17T15:52:22+00:00","breadcrumb":{"@id":"https:\/\/admisoft.com.ve\/site\/producto\/#breadcrumb"},"inLanguage":"es","potentialAction":[{"@type":"ReadAction","target":["https:\/\/admisoft.com.ve\/site\/producto\/"]}]},{"@type":"BreadcrumbList","@id":"https:\/\/admisoft.com.ve\/site\/producto\/#breadcrumb","itemListElement":[{"@type":"ListItem","position":1,"name":"Portada","item":"https:\/\/admisoft.com.ve\/site\/"},{"@type":"ListItem","position":2,"name":"Producto"}]},{"@type":"WebSite","@id":"https:\/\/admisoft.com.ve\/site\/#website","url":"https:\/\/admisoft.com.ve\/site\/","name":"Admisoft","description":"Software para Empresas de Salud","publisher":{"@id":"https:\/\/admisoft.com.ve\/site\/#organization"},"potentialAction":[{"@type":"SearchAction","target":{"@type":"EntryPoint","urlTemplate":"https:\/\/admisoft.com.ve\/site\/?s={search_term_string}"},"query-input":{"@type":"PropertyValueSpecification","valueRequired":true,"valueName":"search_term_string"}}],"inLanguage":"es"},{"@type":"Organization","@id":"https:\/\/admisoft.com.ve\/site\/#organization","name":"Admisoft","url":"https:\/\/admisoft.com.ve\/site\/","logo":{"@type":"ImageObject","inLanguage":"es","@id":"https:\/\/admisoft.com.ve\/site\/#\/schema\/logo\/image\/","url":"https:\/\/admisoft.com.ve\/site\/wp-content\/uploads\/2020\/09\/admisoft_white.jpeg","contentUrl":"https:\/\/admisoft.com.ve\/site\/wp-content\/uploads\/2020\/09\/admisoft_white.jpeg","width":800,"height":800,"caption":"Admisoft"},"image":{"@id":"https:\/\/admisoft.com.ve\/site\/#\/schema\/logo\/image\/"},"sameAs":["https:\/\/www.facebook.com\/admisoftconsultores"]}]}},"_links":{"self":[{"href":"https:\/\/admisoft.com.ve\/site\/wp-json\/wp\/v2\/pages\/156","targetHints":{"allow":["GET"]}}],"collection":[{"href":"https:\/\/admisoft.com.ve\/site\/wp-json\/wp\/v2\/pages"}],"about":[{"href":"https:\/\/admisoft.com.ve\/site\/wp-json\/wp\/v2\/types\/page"}],"author":[{"embeddable":true,"href":"https:\/\/admisoft.com.ve\/site\/wp-json\/wp\/v2\/users\/3"}],"replies":[{"embeddable":true,"href":"https:\/\/admisoft.com.ve\/site\/wp-json\/wp\/v2\/comments?post=156"}],"version-history":[{"count":26,"href":"https:\/\/admisoft.com.ve\/site\/wp-json\/wp\/v2\/pages\/156\/revisions"}],"predecessor-version":[{"id":569,"href":"https:\/\/admisoft.com.ve\/site\/wp-json\/wp\/v2\/pages\/156\/revisions\/569"}],"wp:attachment":[{"href":"https:\/\/admisoft.com.ve\/site\/wp-json\/wp\/v2\/media?parent=156"}],"curies":[{"name":"wp","href":"https:\/\/api.w.org\/{rel}","templated":true}]}}